{"id":2142,"date":"2022-11-18T00:55:40","date_gmt":"2022-11-18T03:55:40","guid":{"rendered":"https:\/\/fibrouy.com\/?post_type=product&#038;p=2142"},"modified":"2026-02-26T16:44:37","modified_gmt":"2026-02-26T19:44:37","slug":"cano-de-100","status":"publish","type":"product","link":"https:\/\/fibrouy.com\/es\/product\/cano-de-100\/","title":{"rendered":"Ca\u00f1o de 100"},"content":{"rendered":"","protected":false},"excerpt":{"rendered":"<p>Ca\u00f1os hechos con Fibrocemento sin asbesto, utilizados para ventilaci\u00f3n o extracci\u00f3n de aire.<\/p>\n<p>Livianos y resistentes, hechos para el exterior.<\/p>\n<p>Material vers\u00e1til y f\u00e1cil para trabajar.<\/p>\n<p>Medida de Interior<\/p>","protected":false},"featured_media":2143,"template":"","meta":{"_joinchat":[]},"etheme_brands":[],"product_brand":[],"product_cat":[115],"product_tag":[],"class_list":{"0":"post-2142","1":"product","2":"type-product","3":"status-publish","4":"has-post-thumbnail","6":"product_cat-canos","8":"first","9":"instock","10":"shipping-taxable","11":"purchasable","12":"product-type-simple"},"_links":{"self":[{"href":"https:\/\/fibrouy.com\/es\/wp-json\/wp\/v2\/product\/2142","targetHints":{"allow":["GET"]}}],"collection":[{"href":"https:\/\/fibrouy.com\/es\/wp-json\/wp\/v2\/product"}],"about":[{"href":"https:\/\/fibrouy.com\/es\/wp-json\/wp\/v2\/types\/product"}],"wp:featuredmedia":[{"embeddable":true,"href":"https:\/\/fibrouy.com\/es\/wp-json\/wp\/v2\/media\/2143"}],"wp:attachment":[{"href":"https:\/\/fibrouy.com\/es\/wp-json\/wp\/v2\/media?parent=2142"}],"wp:term":[{"taxonomy":"brand","embeddable":true,"href":"https:\/\/fibrouy.com\/es\/wp-json\/wp\/v2\/etheme_brands?post=2142"},{"taxonomy":"product_brand","embeddable":true,"href":"https:\/\/fibrouy.com\/es\/wp-json\/wp\/v2\/product_brand?post=2142"},{"taxonomy":"product_cat","embeddable":true,"href":"https:\/\/fibrouy.com\/es\/wp-json\/wp\/v2\/product_cat?post=2142"},{"taxonomy":"product_tag","embeddable":true,"href":"https:\/\/fibrouy.com\/es\/wp-json\/wp\/v2\/product_tag?post=2142"}],"curies":[{"name":"wp","href":"https:\/\/api.w.org\/{rel}","templated":true}]}}