{"id":2138,"date":"2022-11-18T00:54:36","date_gmt":"2022-11-18T03:54:36","guid":{"rendered":"https:\/\/fibrouy.com\/?post_type=product&#038;p=2138"},"modified":"2026-03-17T17:37:59","modified_gmt":"2026-03-17T20:37:59","slug":"cano-310","status":"publish","type":"product","link":"https:\/\/fibrouy.com\/es\/product\/cano-310\/","title":{"rendered":"Ca\u00f1o de Diametro 31cm"},"content":{"rendered":"","protected":false},"excerpt":{"rendered":"<p>Ca\u00f1os hechos con fibrocemento sin asbesto, utilizados para ventilaci\u00f3n o extracci\u00f3n de aire.<\/p>\n<p>Livianos y resistentes, hechos para el exterior.<\/p>\n<p>Material vers\u00e1til y f\u00e1cil para trabajar.<\/p>","protected":false},"featured_media":2139,"template":"","meta":{"_joinchat":[]},"etheme_brands":[],"product_brand":[],"product_cat":[115],"product_tag":[],"class_list":{"0":"post-2138","1":"product","2":"type-product","3":"status-publish","4":"has-post-thumbnail","6":"product_cat-canos","8":"first","9":"instock","10":"shipping-taxable","11":"purchasable","12":"product-type-simple"},"_links":{"self":[{"href":"https:\/\/fibrouy.com\/es\/wp-json\/wp\/v2\/product\/2138","targetHints":{"allow":["GET"]}}],"collection":[{"href":"https:\/\/fibrouy.com\/es\/wp-json\/wp\/v2\/product"}],"about":[{"href":"https:\/\/fibrouy.com\/es\/wp-json\/wp\/v2\/types\/product"}],"wp:featuredmedia":[{"embeddable":true,"href":"https:\/\/fibrouy.com\/es\/wp-json\/wp\/v2\/media\/2139"}],"wp:attachment":[{"href":"https:\/\/fibrouy.com\/es\/wp-json\/wp\/v2\/media?parent=2138"}],"wp:term":[{"taxonomy":"brand","embeddable":true,"href":"https:\/\/fibrouy.com\/es\/wp-json\/wp\/v2\/etheme_brands?post=2138"},{"taxonomy":"product_brand","embeddable":true,"href":"https:\/\/fibrouy.com\/es\/wp-json\/wp\/v2\/product_brand?post=2138"},{"taxonomy":"product_cat","embeddable":true,"href":"https:\/\/fibrouy.com\/es\/wp-json\/wp\/v2\/product_cat?post=2138"},{"taxonomy":"product_tag","embeddable":true,"href":"https:\/\/fibrouy.com\/es\/wp-json\/wp\/v2\/product_tag?post=2138"}],"curies":[{"name":"wp","href":"https:\/\/api.w.org\/{rel}","templated":true}]}}